{"id":53,"date":"2019-12-18T22:23:13","date_gmt":"2019-12-19T03:23:13","guid":{"rendered":"http:\/\/www.tvirtual.net\/portal\/panama\/?page_id=53"},"modified":"2020-01-31T14:52:51","modified_gmt":"2020-01-31T19:52:51","slug":"contacto","status":"publish","type":"page","link":"https:\/\/www.tvirtual.net\/portal\/panama\/contacto\/","title":{"rendered":"Contacto"},"content":{"rendered":"<p>[vc_row][vc_column width=\u00bb1\/2&#8243;][cmo_section_header heading=\u00bbComun\u00edcate con nosotros\u00bb header_text=\u00bbSolo debes llenar el formulario a continuaci\u00f3n y nos pondremos en contacto contigo lo antes posible\u00bb text_alignment=\u00bbtext-left\u00bb][vc_separator]\n<div class=\"wpcf7 no-js\" id=\"wpcf7-f24-o1\" lang=\"es-ES\" dir=\"ltr\">\n<div class=\"screen-reader-response\"><p role=\"status\" aria-live=\"polite\" aria-atomic=\"true\"><\/p> <ul><\/ul><\/div>\n<form action=\"\/portal\/panama\/wp-json\/wp\/v2\/pages\/53#wpcf7-f24-o1\" method=\"post\" class=\"wpcf7-form init\" aria-label=\"Formulario de contacto\" novalidate=\"novalidate\" data-status=\"init\">\n<div style=\"display: none;\">\n<input type=\"hidden\" name=\"_wpcf7\" value=\"24\" \/>\n<input type=\"hidden\" name=\"_wpcf7_version\" value=\"5.9.6\" \/>\n<input type=\"hidden\" name=\"_wpcf7_locale\" value=\"es_ES\" \/>\n<input type=\"hidden\" name=\"_wpcf7_unit_tag\" value=\"wpcf7-f24-o1\" \/>\n<input type=\"hidden\" name=\"_wpcf7_container_post\" value=\"0\" \/>\n<input type=\"hidden\" name=\"_wpcf7_posted_data_hash\" value=\"\" \/>\n<input type=\"hidden\" name=\"_wpcf7_recaptcha_response\" value=\"\" \/>\n<\/div>\n<div class=\"row\">\n\t<div class=\"col-md-12\">\n\t\t<p><span class=\"wpcf7-form-control-wrap\" data-name=\"your-name\"><input size=\"40\" maxlength=\"80\" class=\"wpcf7-form-control wpcf7-text wpcf7-validates-as-required\" aria-required=\"true\" aria-invalid=\"false\" placeholder=\"Nombre Completo\" value=\"\" type=\"text\" name=\"your-name\" \/><\/span>\n\t\t<\/p>\n\t<\/div>\n<\/div>\n<div class=\"row\">\n\t<div class=\"col-md-6\">\n\t\t<p><span class=\"wpcf7-form-control-wrap\" data-name=\"your-email\"><input size=\"40\" maxlength=\"80\" class=\"wpcf7-form-control wpcf7-email wpcf7-validates-as-required wpcf7-text wpcf7-validates-as-email\" aria-required=\"true\" aria-invalid=\"false\" placeholder=\"Correo Electr\u00f3nico\" value=\"\" type=\"email\" name=\"your-email\" \/><\/span>\n\t\t<\/p>\n\t<\/div>\n\t<div class=\"col-md-6\">\n\t\t<p><span class=\"wpcf7-form-control-wrap\" data-name=\"your-phone\"><input size=\"40\" maxlength=\"80\" class=\"wpcf7-form-control wpcf7-tel wpcf7-text wpcf7-validates-as-tel\" aria-invalid=\"false\" placeholder=\"N\u00famero Telef\u00f3nico\" value=\"\" type=\"tel\" name=\"your-phone\" \/><\/span>\n\t\t<\/p>\n\t<\/div>\n<\/div>\n<div class=\"row\">\n\t<div class=\"col-md-12\">\n\t\t<p><span class=\"wpcf7-form-control-wrap\" data-name=\"your-message\"><textarea cols=\"40\" rows=\"10\" maxlength=\"400\" class=\"wpcf7-form-control wpcf7-textarea wpcf7-validates-as-required\" aria-required=\"true\" aria-invalid=\"false\" placeholder=\"Escribe un mensaje\" name=\"your-message\"><\/textarea><\/span>\n\t\t<\/p>\n\t<\/div>\n<\/div>\n<p><input class=\"wpcf7-form-control wpcf7-submit has-spinner\" type=\"submit\" value=\"Enviar\" \/>\n<\/p><p style=\"display: none !important;\" class=\"akismet-fields-container\" data-prefix=\"_wpcf7_ak_\"><label>&#916;<textarea name=\"_wpcf7_ak_hp_textarea\" cols=\"45\" rows=\"8\" maxlength=\"100\"><\/textarea><\/label><input type=\"hidden\" id=\"ak_js_1\" name=\"_wpcf7_ak_js\" value=\"2\"\/><script>document.getElementById( \"ak_js_1\" ).setAttribute( \"value\", ( new Date() ).getTime() );<\/script><\/p><div class=\"wpcf7-response-output\" aria-hidden=\"true\"><\/div>\n<\/form>\n<\/div>\n[\/vc_column][vc_column width=\u00bb1\/2&#8243;][cmo_content_box title=\u00bbTambi\u00e9n puedes contactarnos\u00bb text_alignment=\u00bbtext-center\u00bb icon_type=\u00bbfa\u00bb icon_fa=\u00bbfa fa-building-o\u00bb icon_style=\u00bbicon-block\u00bb icon_size=\u00bbicon-x-large\u00bb]<\/p>\n<h2 style=\"text-align: center;\">Tendencia Virtual Panam\u00e1, S.A.<\/h2>\n<p>Correo electr\u00f3nico: <strong>ventaspanama@tvirtual.net | soportepanama@tvirtual.net<\/strong><\/p>\n<p>Tel\u00e9fonos: <strong>(507) 263-4423\/(507)263-0580<\/strong><\/p>\n<p>Direcci\u00f3n: Urbanizaci\u00f3n Los \u00c1ngeles, Calle Guillermo Patterson, Edificio Ana Mar\u00eda, Local No. 10[\/cmo_content_box][\/vc_column][\/vc_row]<\/p>\n","protected":false},"excerpt":{"rendered":"<p>[vc_row][vc_column width=\u00bb1\/2&#8243;][cmo_section_header heading=\u00bbComun\u00edcate con nosotros\u00bb header_text=\u00bbSolo debes llenar el formulario a continuaci\u00f3n y nos pondremos en contacto contigo lo antes posible\u00bb text_alignment=\u00bbtext-left\u00bb][vc_separator][\/vc_column][vc_column width=\u00bb1\/2&#8243;][cmo_content_box title=\u00bbTambi\u00e9n puedes contactarnos\u00bb text_alignment=\u00bbtext-center\u00bb icon_type=\u00bbfa\u00bb icon_fa=\u00bbfa fa-building-o\u00bb icon_style=\u00bbicon-block\u00bb icon_size=\u00bbicon-x-large\u00bb] Tendencia Virtual Panam\u00e1, S.A. Correo electr\u00f3nico: ventaspanama@tvirtual.net | soportepanama@tvirtual.net Tel\u00e9fonos: (507) 263-4423\/(507)263-0580 Direcci\u00f3n: Urbanizaci\u00f3n Los \u00c1ngeles, Calle Guillermo Patterson, Edificio Ana Mar\u00eda, Local<\/p>\n<div class=\"excerpt-more-wrapper\"><a class=\"cmo-button\" href=\"https:\/\/www.tvirtual.net\/portal\/panama\/contacto\/\">Read More<\/a><\/div>\n","protected":false},"author":1,"featured_media":0,"parent":0,"menu_order":0,"comment_status":"closed","ping_status":"closed","template":"","meta":{"footnotes":""},"class_list":["post-53","page","type-page","status-publish","hentry"],"yoast_head":"<!-- This site is optimized with the Yoast SEO plugin v22.8 - https:\/\/yoast.com\/wordpress\/plugins\/seo\/ -->\n<title>Contacto - Tvirtual Panam\u00e1<\/title>\n<meta name=\"robots\" content=\"index, follow, max-snippet:-1, max-image-preview:large, max-video-preview:-1\" \/>\n<link rel=\"canonical\" href=\"https:\/\/www.tvirtual.net\/portal\/panama\/contacto\/\" \/>\n<meta property=\"og:locale\" content=\"es_ES\" \/>\n<meta property=\"og:type\" content=\"article\" \/>\n<meta property=\"og:title\" content=\"Contacto - Tvirtual Panam\u00e1\" \/>\n<meta property=\"og:description\" content=\"[vc_row][vc_column width=\u00bb1\/2&#8243;][cmo_section_header heading=\u00bbComun\u00edcate con nosotros\u00bb header_text=\u00bbSolo debes llenar el formulario a continuaci\u00f3n y nos pondremos en contacto contigo lo antes posible\u00bb text_alignment=\u00bbtext-left\u00bb][vc_separator][\/vc_column][vc_column width=\u00bb1\/2&#8243;][cmo_content_box title=\u00bbTambi\u00e9n puedes contactarnos\u00bb text_alignment=\u00bbtext-center\u00bb icon_type=\u00bbfa\u00bb icon_fa=\u00bbfa fa-building-o\u00bb icon_style=\u00bbicon-block\u00bb icon_size=\u00bbicon-x-large\u00bb] Tendencia Virtual Panam\u00e1, S.A. Correo electr\u00f3nico: ventaspanama@tvirtual.net | soportepanama@tvirtual.net Tel\u00e9fonos: (507) 263-4423\/(507)263-0580 Direcci\u00f3n: Urbanizaci\u00f3n Los \u00c1ngeles, Calle Guillermo Patterson, Edificio Ana Mar\u00eda, LocalRead More\" \/>\n<meta property=\"og:url\" content=\"https:\/\/www.tvirtual.net\/portal\/panama\/contacto\/\" \/>\n<meta property=\"og:site_name\" content=\"Tvirtual Panam\u00e1\" \/>\n<meta property=\"article:modified_time\" content=\"2020-01-31T19:52:51+00:00\" \/>\n<meta name=\"twitter:card\" content=\"summary_large_image\" \/>\n<meta name=\"twitter:label1\" content=\"Tiempo de lectura\" \/>\n\t<meta name=\"twitter:data1\" content=\"1 minuto\" \/>\n<script type=\"application\/ld+json\" class=\"yoast-schema-graph\">{\"@context\":\"https:\/\/schema.org\",\"@graph\":[{\"@type\":\"WebPage\",\"@id\":\"https:\/\/www.tvirtual.net\/portal\/panama\/contacto\/\",\"url\":\"https:\/\/www.tvirtual.net\/portal\/panama\/contacto\/\",\"name\":\"Contacto - Tvirtual Panam\u00e1\",\"isPartOf\":{\"@id\":\"https:\/\/www.tvirtual.net\/portal\/panama\/#website\"},\"datePublished\":\"2019-12-19T03:23:13+00:00\",\"dateModified\":\"2020-01-31T19:52:51+00:00\",\"breadcrumb\":{\"@id\":\"https:\/\/www.tvirtual.net\/portal\/panama\/contacto\/#breadcrumb\"},\"inLanguage\":\"es\",\"potentialAction\":[{\"@type\":\"ReadAction\",\"target\":[\"https:\/\/www.tvirtual.net\/portal\/panama\/contacto\/\"]}]},{\"@type\":\"BreadcrumbList\",\"@id\":\"https:\/\/www.tvirtual.net\/portal\/panama\/contacto\/#breadcrumb\",\"itemListElement\":[{\"@type\":\"ListItem\",\"position\":1,\"name\":\"Portada\",\"item\":\"https:\/\/www.tvirtual.net\/portal\/panama\/\"},{\"@type\":\"ListItem\",\"position\":2,\"name\":\"Contacto\"}]},{\"@type\":\"WebSite\",\"@id\":\"https:\/\/www.tvirtual.net\/portal\/panama\/#website\",\"url\":\"https:\/\/www.tvirtual.net\/portal\/panama\/\",\"name\":\"Tvirtual Panam\u00e1\",\"description\":\"Soluci\u00f3n Administrativa Virtual\",\"potentialAction\":[{\"@type\":\"SearchAction\",\"target\":{\"@type\":\"EntryPoint\",\"urlTemplate\":\"https:\/\/www.tvirtual.net\/portal\/panama\/?s={search_term_string}\"},\"query-input\":\"required name=search_term_string\"}],\"inLanguage\":\"es\"}]}<\/script>\n<!-- \/ Yoast SEO plugin. -->","yoast_head_json":{"title":"Contacto - Tvirtual Panam\u00e1","robots":{"index":"index","follow":"follow","max-snippet":"max-snippet:-1","max-image-preview":"max-image-preview:large","max-video-preview":"max-video-preview:-1"},"canonical":"https:\/\/www.tvirtual.net\/portal\/panama\/contacto\/","og_locale":"es_ES","og_type":"article","og_title":"Contacto - Tvirtual Panam\u00e1","og_description":"[vc_row][vc_column width=\u00bb1\/2&#8243;][cmo_section_header heading=\u00bbComun\u00edcate con nosotros\u00bb header_text=\u00bbSolo debes llenar el formulario a continuaci\u00f3n y nos pondremos en contacto contigo lo antes posible\u00bb text_alignment=\u00bbtext-left\u00bb][vc_separator][\/vc_column][vc_column width=\u00bb1\/2&#8243;][cmo_content_box title=\u00bbTambi\u00e9n puedes contactarnos\u00bb text_alignment=\u00bbtext-center\u00bb icon_type=\u00bbfa\u00bb icon_fa=\u00bbfa fa-building-o\u00bb icon_style=\u00bbicon-block\u00bb icon_size=\u00bbicon-x-large\u00bb] Tendencia Virtual Panam\u00e1, S.A. Correo electr\u00f3nico: ventaspanama@tvirtual.net | soportepanama@tvirtual.net Tel\u00e9fonos: (507) 263-4423\/(507)263-0580 Direcci\u00f3n: Urbanizaci\u00f3n Los \u00c1ngeles, Calle Guillermo Patterson, Edificio Ana Mar\u00eda, LocalRead More","og_url":"https:\/\/www.tvirtual.net\/portal\/panama\/contacto\/","og_site_name":"Tvirtual Panam\u00e1","article_modified_time":"2020-01-31T19:52:51+00:00","twitter_card":"summary_large_image","twitter_misc":{"Tiempo de lectura":"1 minuto"},"schema":{"@context":"https:\/\/schema.org","@graph":[{"@type":"WebPage","@id":"https:\/\/www.tvirtual.net\/portal\/panama\/contacto\/","url":"https:\/\/www.tvirtual.net\/portal\/panama\/contacto\/","name":"Contacto - Tvirtual Panam\u00e1","isPartOf":{"@id":"https:\/\/www.tvirtual.net\/portal\/panama\/#website"},"datePublished":"2019-12-19T03:23:13+00:00","dateModified":"2020-01-31T19:52:51+00:00","breadcrumb":{"@id":"https:\/\/www.tvirtual.net\/portal\/panama\/contacto\/#breadcrumb"},"inLanguage":"es","potentialAction":[{"@type":"ReadAction","target":["https:\/\/www.tvirtual.net\/portal\/panama\/contacto\/"]}]},{"@type":"BreadcrumbList","@id":"https:\/\/www.tvirtual.net\/portal\/panama\/contacto\/#breadcrumb","itemListElement":[{"@type":"ListItem","position":1,"name":"Portada","item":"https:\/\/www.tvirtual.net\/portal\/panama\/"},{"@type":"ListItem","position":2,"name":"Contacto"}]},{"@type":"WebSite","@id":"https:\/\/www.tvirtual.net\/portal\/panama\/#website","url":"https:\/\/www.tvirtual.net\/portal\/panama\/","name":"Tvirtual Panam\u00e1","description":"Soluci\u00f3n Administrativa Virtual","potentialAction":[{"@type":"SearchAction","target":{"@type":"EntryPoint","urlTemplate":"https:\/\/www.tvirtual.net\/portal\/panama\/?s={search_term_string}"},"query-input":"required name=search_term_string"}],"inLanguage":"es"}]}},"jetpack_sharing_enabled":true,"_links":{"self":[{"href":"https:\/\/www.tvirtual.net\/portal\/panama\/wp-json\/wp\/v2\/pages\/53","targetHints":{"allow":["GET"]}}],"collection":[{"href":"https:\/\/www.tvirtual.net\/portal\/panama\/wp-json\/wp\/v2\/pages"}],"about":[{"href":"https:\/\/www.tvirtual.net\/portal\/panama\/wp-json\/wp\/v2\/types\/page"}],"author":[{"embeddable":true,"href":"https:\/\/www.tvirtual.net\/portal\/panama\/wp-json\/wp\/v2\/users\/1"}],"replies":[{"embeddable":true,"href":"https:\/\/www.tvirtual.net\/portal\/panama\/wp-json\/wp\/v2\/comments?post=53"}],"version-history":[{"count":5,"href":"https:\/\/www.tvirtual.net\/portal\/panama\/wp-json\/wp\/v2\/pages\/53\/revisions"}],"predecessor-version":[{"id":216,"href":"https:\/\/www.tvirtual.net\/portal\/panama\/wp-json\/wp\/v2\/pages\/53\/revisions\/216"}],"wp:attachment":[{"href":"https:\/\/www.tvirtual.net\/portal\/panama\/wp-json\/wp\/v2\/media?parent=53"}],"curies":[{"name":"wp","href":"https:\/\/api.w.org\/{rel}","templated":true}]}}