{"id":8,"date":"2019-12-17T03:39:56","date_gmt":"2019-12-17T03:39:56","guid":{"rendered":"http:\/\/www.tvirtual.net\/portal\/panama\/?page_id=8"},"modified":"2020-03-05T09:27:29","modified_gmt":"2020-03-05T14:27:29","slug":"inicio","status":"publish","type":"page","link":"https:\/\/www.tvirtual.net\/portal\/panama\/","title":{"rendered":"Inicio"},"content":{"rendered":"<p>[vc_row el_id=\u00bbaplicaciones-home\u00bb][vc_column][vc_row_inner][vc_column_inner width=\u00bb1\/2&#8243;][cmo_dropcap]<\/p>\n<h3 class=\"heading\">Tvirtual es una aplicaci\u00f3n desarrollada por profesionales en la administraci\u00f3n de empresas, en tecnolog\u00eda y contadores experimentados, para brindar a las empresas una soluci\u00f3n f\u00e1cil de implementar, en idioma espa\u00f1ol y concebido 100% en la nube, lo que permite su acceso desde cualquier lugar o dispositivo.<\/h3>\n<p>Es muy f\u00e1cil de usar\u00a0y al registrarte gratis puedes probar todas las funciones durante\u00a0<strong>30 d\u00edas sin limitaciones.<\/strong>[\/cmo_dropcap][cmo_button caption=\u00bbAprende M\u00e1s\u00bb link=\u00bbhttp:\/\/www.tvirtual.net\/portal\/panama\/tvirtual\/\u00bb size=\u00bblarge\u00bb align=\u00bbcenter\u00bb][\/vc_column_inner][vc_column_inner width=\u00bb1\/2&#8243;][cmo_image_box image=\u00bb148&#8243;][\/cmo_image_box][\/vc_column_inner][\/vc_row_inner][\/vc_column][\/vc_row][vc_row full_width=\u00bbstretch_row_content\u00bb css=\u00bb.vc_custom_1475447222100{padding-top: 120px !important;background-color: #e2e2e2 !important;}\u00bb el_class=\u00bbseccion-caracteristicas\u00bb el_id=\u00bbcaracteristicas-home\u00bb][vc_column][cmo_section_header heading=\u00bbCaracter\u00edsticas de la aplicaci\u00f3n Tvirtual\u00bb][vc_row_inner el_class=\u00bbseccion-servicios\u00bb][vc_column_inner width=\u00bb1\/4&#8243;][cmo_content_box title=\u00bbSiempre en la nube\u00bb text_alignment=\u00bbtext-center\u00bb box_padding=\u00bbpadding-none\u00bb icon_type=\u00bbfa\u00bb icon_fa=\u00bbfa fa-cloud-upload\u00bb icon_style=\u00bbicon-block\u00bb icon_size=\u00bbicon-x-large\u00bb no_hover=\u00bbno-hover\u00bb]No requiere de instalaci\u00f3n ya que la aplicaci\u00f3n se encuentra en nuestros servidores[\/cmo_content_box][vc_empty_space][\/vc_column_inner][vc_column_inner width=\u00bb1\/4&#8243;][cmo_content_box title=\u00bbAccede desde cualquier dispositivo\u00bb text_alignment=\u00bbtext-center\u00bb box_padding=\u00bbpadding-none\u00bb icon_type=\u00bbfa\u00bb icon_fa=\u00bbfa fa-mobile\u00bb icon_style=\u00bbicon-block\u00bb icon_size=\u00bbicon-x-large\u00bb no_hover=\u00bbno-hover\u00bb]Puede usar la aplicaci\u00f3n desde su\u00a0tel\u00e9fono o tablet[\/cmo_content_box][vc_empty_space][\/vc_column_inner][vc_column_inner width=\u00bb1\/4&#8243;][cmo_content_box title=\u00bbCompatible con todos los sistemas operativos\u00bb text_alignment=\u00bbtext-center\u00bb box_padding=\u00bbpadding-none\u00bb icon_type=\u00bbfa\u00bb icon_fa=\u00bbfa fa-laptop\u00bb icon_style=\u00bbicon-block\u00bb icon_size=\u00bbicon-x-large\u00bb no_hover=\u00bbno-hover\u00bb]Solo necesita un navegador para acceder a nuestros sistemas[\/cmo_content_box][vc_empty_space][\/vc_column_inner][vc_column_inner width=\u00bb1\/4&#8243;][cmo_content_box title=\u00bbEs totalmente multiusuario\u00bb text_alignment=\u00bbtext-center\u00bb box_padding=\u00bbpadding-none\u00bb icon_type=\u00bbfa\u00bb icon_fa=\u00bbfa fa-users\u00bb icon_style=\u00bbicon-block\u00bb icon_size=\u00bbicon-x-large\u00bb no_hover=\u00bbno-hover\u00bb]Puede crear diferentes usuarios dependiendo de sus\u00a0necesidades[\/cmo_content_box][vc_empty_space][\/vc_column_inner][\/vc_row_inner][vc_row_inner][vc_column_inner width=\u00bb1\/4&#8243;][cmo_content_box title=\u00bbEs multiempresa\u00bb text_alignment=\u00bbtext-center\u00bb box_padding=\u00bbpadding-none\u00bb icon_type=\u00bbfa\u00bb icon_fa=\u00bbfa fa-suitcase\u00bb icon_style=\u00bbicon-block\u00bb icon_size=\u00bbicon-x-large\u00bb no_hover=\u00bbno-hover\u00bb]Compatible con empresas peque\u00f1as, medianas y grandes y con otros sistemas[\/cmo_content_box][vc_empty_space][\/vc_column_inner][vc_column_inner width=\u00bb1\/4&#8243;][cmo_content_box title=\u00bbRespaldos autom\u00e1ticos\u00bb text_alignment=\u00bbtext-center\u00bb box_padding=\u00bbpadding-none\u00bb icon_type=\u00bbfa\u00bb icon_fa=\u00bbfa fa-download\u00bb icon_style=\u00bbicon-block\u00bb icon_size=\u00bbicon-x-large\u00bb no_hover=\u00bbno-hover\u00bb]Su informaci\u00f3n siempre estar\u00e1 a salvo en nuestros servidores sin preocuparse por backups[\/cmo_content_box][vc_empty_space][\/vc_column_inner][vc_column_inner width=\u00bb1\/4&#8243;][cmo_content_box title=\u00bbDisponible en todo momento\u00bb text_alignment=\u00bbtext-center\u00bb box_padding=\u00bbpadding-none\u00bb icon_type=\u00bbfa\u00bb icon_fa=\u00bbfa fa-globe\u00bb icon_style=\u00bbicon-block\u00bb icon_size=\u00bbicon-x-large\u00bb no_hover=\u00bbno-hover\u00bb]Puede trabajar desde cualquier lugar con solo una conexi\u00f3n a Internet[\/cmo_content_box][vc_empty_space][\/vc_column_inner][vc_column_inner width=\u00bb1\/4&#8243;][cmo_content_box title=\u00bbMuy bajo costo\u00bb text_alignment=\u00bbtext-center\u00bb box_padding=\u00bbpadding-none\u00bb icon_type=\u00bbfa\u00bb icon_fa=\u00bbfa fa-usd\u00bb icon_style=\u00bbicon-block\u00bb icon_size=\u00bbicon-x-large\u00bb no_hover=\u00bbno-hover\u00bb]Puede iniciar sus actividades con un bajo presupuesto[\/cmo_content_box][vc_empty_space][\/vc_column_inner][\/vc_row_inner][vc_row_inner el_id=\u00bbprecios\u00bb][vc_column_inner][vc_separator][\/vc_column_inner][\/vc_row_inner][\/vc_column][\/vc_row][vc_row full_width=\u00bbstretch_row\u00bb el_class=\u00bbllamado-home\u00bb][vc_column][cmo_section_header heading=\u00bbPlanes\u00bb heading_tag=\u00bbh1&#8243;][vc_row_inner][vc_column_inner width=\u00bb1\/2&#8243;][cmo_pricing_column title=\u00bbB\u00e1sico\u00bb price=\u00bbB\/. 35&#8243; price_currency=\u00bb\u00bb period=\u00bbMes\u00bb button_caption=\u00bbComprar\u00bb button_link=\u00bbhttp:\/\/tvirtual.net\/portal\/cotizador\/index_pa.html\u00bb]<\/p>\n<ul>\n<li>Pago anual 10% de descuento<\/li>\n<li>Por licencia<\/li>\n<li>Un usuario<\/li>\n<li>Incluye todos los M\u00f3dulos y Caracter\u00edsticas del Sistema<\/li>\n<li>Soporte por correo o v\u00eda chat<\/li>\n<\/ul>\n<p>[\/cmo_pricing_column][\/vc_column_inner][vc_column_inner width=\u00bb1\/2&#8243;][cmo_pricing_column title=\u00bbNegocio\u00bb price=\u00bbB\/. 31.50&#8243; price_currency=\u00bb\u00bb period=\u00bbMes\u00bb button_caption=\u00bbComprar\u00bb button_link=\u00bbhttp:\/\/tvirtual.net\/portal\/cotizador\/index_pa.html\u00bb]<\/p>\n<ul>\n<li>Pago anual 10% de descuento<\/li>\n<li>Por usuario<\/li>\n<li>Tres usuarios o m\u00e1s<\/li>\n<li>Incluye todos los M\u00f3dulos y Caracter\u00edsticas del Sistema<\/li>\n<li>Soporte por correo o v\u00eda chat<\/li>\n<\/ul>\n<p>[\/cmo_pricing_column][\/vc_column_inner][\/vc_row_inner][vc_row_inner][vc_column_inner width=\u00bb1\/2&#8243;][cmo_pricing_column title=\u00bbEmpresarial\u00bb price=\u00bbB\/. 28&#8243; price_currency=\u00bb\u00bb period=\u00bbMes\u00bb button_caption=\u00bbComprar\u00bb button_link=\u00bbhttp:\/\/tvirtual.net\/portal\/cotizador\/index_pa.html\u00bb]<\/p>\n<ul>\n<li>Pago anual 10% de descuento<\/li>\n<li>Por usuario<\/li>\n<li>Cinco usuarios o m\u00e1s<\/li>\n<li>Incluye todos los M\u00f3dulos y Caracter\u00edsticas del Sistema<\/li>\n<li>Incluye 8 horas de capacitaci\u00f3n<\/li>\n<li>Soporte por correo o v\u00eda chat<\/li>\n<\/ul>\n<p>[\/cmo_pricing_column][\/vc_column_inner][vc_column_inner width=\u00bb1\/2&#8243;][cmo_pricing_column title=\u00bbCorporativo\u00bb price=\u00bbB\/. 24.50&#8243; price_currency=\u00bb\u00bb period=\u00bbMes\u00bb button_caption=\u00bbComprar\u00bb button_link=\u00bbhttp:\/\/tvirtual.net\/portal\/cotizador\/index_pa.html\u00bb]<\/p>\n<ul>\n<li>Pago anual 10% de descuento<\/li>\n<li>Por usuario<\/li>\n<li>Diez usuarios o m\u00e1s<\/li>\n<li>Incluye todos los M\u00f3dulos y Caracter\u00edsticas del Sistema<\/li>\n<li>Incluye 16 horas de capacitaci\u00f3n<\/li>\n<li>Implementaci\u00f3n b\u00e1sica de una empresa<\/li>\n<li>Soporte por correo, v\u00eda chat o telef\u00f3nica<\/li>\n<\/ul>\n<p>[\/cmo_pricing_column][\/vc_column_inner][\/vc_row_inner][vc_separator][vc_row_inner][vc_column_inner][cmo_section_header heading=\u00bb\u00bfNo sabes cual plan escoger?\u00bb header_text=\u00bb<\/p>\n<h2>Ases\u00f3rate con nosotros<\/h2>\n<p>\u00ab][\/vc_column_inner][\/vc_row_inner][vc_row_inner][vc_column_inner width=\u00bb1\/3&#8243;][cmo_single_image title=\u00bbTvirtual\u00bb alt=\u00bbtvirtual\u00bb image=\u00bb12&#8243;][\/vc_column_inner][vc_column_inner width=\u00bb1\/3&#8243;][vc_column_text]Puedes crear una cuenta en nuestro portal y tener acceso y uso de a todas las caracter\u00edsticas por 30 d\u00edas <strong>TOTALMENTE GRATIS<\/strong>.[\/vc_column_text][\/vc_column_inner][vc_column_inner width=\u00bb1\/3&#8243;][cmo_button caption=\u00bbCrea una cuenta GRATIS\u00bb link=\u00bbhttps:\/\/www.tvirtual.net\/registro\u00bb link_target=\u00bb_blank\u00bb size=\u00bblarge\u00bb color_style=\u00bbtransparent\u00bb][\/vc_column_inner][\/vc_row_inner][vc_separator][vc_row_inner][vc_column_inner][cmo_section_header heading=\u00bbSuscr\u00edbete\u00bb heading_tag=\u00bbh1&#8243; header_text=\u00bbAl estar suscrito recibir\u00e1s ofertas y novedades sobre Tvirtual directo a tu correo. An\u00f3tate en nuestra lista ahora.\u00bb][vc_raw_html el_id=\u00bbsuscribete\u00bb]JTNDZGl2JTIwY2xhc3MlM0QlMjJ0bnAlMjB0bnAtc3Vic2NyaXB0aW9uJTIyJTNFJTBBJTNDZm9ybSUyMG1ldGhvZCUzRCUyMnBvc3QlMjIlMjBhY3Rpb24lM0QlMjJodHRwJTNBJTJGJTJGd3d3LnR2aXJ0dWFsLm5ldCUyRnBvcnRhbCUyRnBhbmFtYSUyRiUzRm5hJTNEcyUyMiUyMG9uc3VibWl0JTNEJTIycmV0dXJuJTIwbmV3c2xldHRlcl9jaGVjayUyOHRoaXMlMjklMjIlM0UlMEElMEElM0NpbnB1dCUyMHR5cGUlM0QlMjJoaWRkZW4lMjIlMjBuYW1lJTNEJTIybmxhbmclMjIlMjB2YWx1ZSUzRCUyMiUyMiUzRSUwQSUzQ2RpdiUyMGNsYXNzJTNEJTIydG5wLWZpZWxkJTIwdG5wLWZpZWxkLWZpcnN0bmFtZSUyMiUzRSUzQ2xhYmVsJTNFTm9tYnJlJTIwbyUyMG5vbWJyZSUyMGNvbXBsZXRvJTNDJTJGbGFiZWwlM0UlM0NpbnB1dCUyMGNsYXNzJTNEJTIydG5wLWZpcnN0bmFtZSUyMiUyMHR5cGUlM0QlMjJ0ZXh0JTIyJTIwbmFtZSUzRCUyMm5uJTIyJTIwJTNFJTNDJTJGZGl2JTNFJTBBJTNDZGl2JTIwY2xhc3MlM0QlMjJ0bnAtZmllbGQlMjB0bnAtZmllbGQtZW1haWwlMjIlM0UlM0NsYWJlbCUzRUVtYWlsJTNDJTJGbGFiZWwlM0UlM0NpbnB1dCUyMGNsYXNzJTNEJTIydG5wLWVtYWlsJTIyJTIwdHlwZSUzRCUyMmVtYWlsJTIyJTIwbmFtZSUzRCUyMm5lJTIyJTIwcmVxdWlyZWQlM0UlM0MlMkZkaXYlM0UlMEElM0NkaXYlMjBjbGFzcyUzRCUyMnRucC1maWVsZCUyMHRucC1maWVsZC1wcml2YWN5JTIyJTNFJTNDbGFiZWwlM0UlM0NpbnB1dCUyMHR5cGUlM0QlMjJjaGVja2JveCUyMiUyMG5hbWUlM0QlMjJueSUyMiUyMHJlcXVpcmVkJTIwY2xhc3MlM0QlMjJ0bnAtcHJpdmFjeSUyMiUzRSVDMiVBMFNpJTIwY29udGluJUMzJUJBYXMlMkMlMjBhY2VwdGFzJTIwbGElMjBwb2wlQzMlQUR0aWNhJTIwZGUlMjBwcml2YWNpZGFkJTNDJTJGbGFiZWwlM0UlM0MlMkZkaXYlM0UlMEElM0NkaXYlMjBjbGFzcyUzRCUyMnRucC1maWVsZCUyMHRucC1maWVsZC1idXR0b24lMjIlM0UlM0NpbnB1dCUyMGNsYXNzJTNEJTIydG5wLXN1Ym1pdCUyMiUyMHR5cGUlM0QlMjJzdWJtaXQlMjIlMjB2YWx1ZSUzRCUyMlN1c2NyaWJpcnNlJTIyJTIwJTNFJTBBJTNDJTJGZGl2JTNFJTBBJTNDJTJGZm9ybSUzRSUwQSUzQyUyRmRpdiUzRQ==[\/vc_raw_html][vc_separator][\/vc_column_inner][\/vc_row_inner][vc_row_inner][vc_column_inner][cmo_section_header heading=\u00bbP\u00e1ginas de inter\u00e9s\u00bb][\/vc_column_inner][\/vc_row_inner][vc_row_inner][vc_column_inner width=\u00bb1\/3&#8243;][cmo_feature_box title=\u00bbDirecci\u00f3n General de Ingresos\u00bb title_tag=\u00bbh5&#8243; button_caption=\u00bbVisitar\u00bb link=\u00bbhttps:\/\/dgi.mef.gob.pa\/\u00bb image=\u00bb244&#8243;]https:\/\/dgi.mef.gob.pa\/[\/cmo_feature_box][\/vc_column_inner][vc_column_inner width=\u00bb1\/3&#8243;][cmo_feature_box title=\u00bbCaja de Seguro Social\u00bb title_tag=\u00bbh5&#8243; button_caption=\u00bbVisitar\u00bb link=\u00bbhttp:\/\/www.css.org.pa\/\u00bb image=\u00bb245&#8243;]http:\/\/www.css.org.pa\/[\/cmo_feature_box][\/vc_column_inner][vc_column_inner width=\u00bb1\/3&#8243;][cmo_feature_box title=\u00bbMunicipio de Panam\u00e1\u00bb title_tag=\u00bbh5&#8243; button_caption=\u00bbVisitar\u00bb link=\u00bbhttps:\/\/mupa.gob.pa\/\u00bb image=\u00bb243&#8243;]https:\/\/mupa.gob.pa\/ [\/cmo_feature_box][\/vc_column_inner][\/vc_row_inner][\/vc_column][\/vc_row][vc_row full_width=\u00bbstretch_row\u00bb css=\u00bb.vc_custom_1475458130691{background-color: #0567ad !important;}\u00bb el_class=\u00bbllamado-home\u00bb][vc_column][cmo_callout button1=\u00bbyes\u00bb button1_caption=\u00bbCrea una cuenta GRATIS\u00bb button1_link=\u00bbhttp:\/\/www.tvirtual.net\/registro\u00bb button1_shape=\u00bbshape-pill\u00bb button1_color=\u00bb#ffffff\u00bb button1_bg_color=\u00bb#1e73be\u00bb button1_border_color=\u00bb#ffffff\u00bb button1_color_on_hover=\u00bb#1e73be\u00bb button1_bg_color_on_hover=\u00bb#ffffff\u00bb button1_border_color_on_hover=\u00bb#1e73be\u00bb]Puedes registrarte de forma gratuita y empezar a usar nuestras aplicaciones.[\/cmo_callout][\/vc_column][\/vc_row][vc_row][vc_column][cmo_section_header heading=\u00bbNoticias\u00bb]<div class=\"evc-blog-list evc-shortcode evc-element-has-columns  evc-bl-standard  evc-three-columns evc-normal-space  \" data-options=\"{&quot;module&quot;:&quot;shortcodes&quot;,&quot;shortcode_name&quot;:&quot;blog-list&quot;,&quot;post_type&quot;:&quot;post&quot;,&quot;next_page&quot;:&quot;2&quot;,&quot;max_pages_num&quot;:1,&quot;type&quot;:&quot;standard&quot;,&quot;number_of_posts&quot;:&quot;3&quot;,&quot;number_of_columns&quot;:&quot;three&quot;,&quot;space_between_items&quot;:&quot;normal&quot;,&quot;orderby&quot;:&quot;date&quot;,&quot;order&quot;:&quot;ASC&quot;,&quot;image_proportions&quot;:&quot;full&quot;,&quot;title_tag&quot;:&quot;h4&quot;,&quot;enable_excerpt&quot;:&quot;yes&quot;,&quot;enable_category&quot;:&quot;yes&quot;,&quot;enable_author&quot;:&quot;yes&quot;,&quot;enable_date&quot;:&quot;yes&quot;,&quot;button_text&quot;:&quot;Load More&quot;}\">\n\t<div class=\"evc-bl-wrapper evc-element-wrapper\">\n\t\t<div class=\"evc-bl-item evc-element-item\">\n\t<div class=\"evc-bli-inner\">\n\t\t\t\t<div class=\"evc-bli-content\">\n\t\t\t<div class=\"evc-bli-post-info evc-bli-post-info-top\">\n\t\t\t\t\t<div class=\"evc-bli-category\"><a href=\"https:\/\/www.tvirtual.net\/portal\/panama\/category\/noticias\/\" rel=\"category tag\">Noticias<\/a><\/div>\n\t\t\t\t\t<div class=\"evc-bli-date entry-date published updated\">\n\t\t<a href=\"https:\/\/www.tvirtual.net\/portal\/panama\/01\/2020\/\">25 enero 2020<\/a>\n\t<\/div>\n\t\t\t<\/div>\n\t\t\t<h4 class=\"evc-bli-title entry-title\"><a href=\"https:\/\/www.tvirtual.net\/portal\/panama\/2020\/01\/25\/bienvenidos-a-tvirtual\/\">Bienvenidos a Tvirtual<\/a><\/h4>\t\t\t\t<p class=\"evc-bli-excerpt\">Lorem ipsum dolor sit amet, consectetur adipiscing elit. Sed pretium rhoncus lobortis. Curabitur pur<\/p>\n\t\t\t<div class=\"evc-bli-post-info evc-bli-post-info-bottom\">\n\t\t\t\t\t<div class=\"evc-bli-author\">\n\t\t<a class=\"evc-bli-author-link\" href=\"https:\/\/www.tvirtual.net\/portal\/panama\/author\/alexis\/\">\n\t\t\t<span class=\"evc-bli-author-label\">by<\/span>\n\t\t\t<span class=\"evc-bli-author-name\">alexis<\/span>\n\t\t<\/a>\n\t<\/div>\n\t\t\t<\/div>\n\t\t<\/div>\n\t<\/div>\n<\/div><div class=\"evc-bl-item evc-element-item\">\n\t<div class=\"evc-bli-inner\">\n\t\t\t\t<div class=\"evc-bli-content\">\n\t\t\t<div class=\"evc-bli-post-info evc-bli-post-info-top\">\n\t\t\t\t\t<div class=\"evc-bli-category\"><a href=\"https:\/\/www.tvirtual.net\/portal\/panama\/category\/noticias\/\" rel=\"category tag\">Noticias<\/a><\/div>\n\t\t\t\t\t<div class=\"evc-bli-date entry-date published updated\">\n\t\t<a href=\"https:\/\/www.tvirtual.net\/portal\/panama\/01\/2020\/\">25 enero 2020<\/a>\n\t<\/div>\n\t\t\t<\/div>\n\t\t\t<h4 class=\"evc-bli-title entry-title\"><a href=\"https:\/\/www.tvirtual.net\/portal\/panama\/2020\/01\/25\/otra-noticia-de-tvirtual\/\">Otra noticia de Tvirtual<\/a><\/h4>\t\t\t\t<p class=\"evc-bli-excerpt\">Lorem ipsum dolor sit amet, consectetur adipiscing elit. Sed pretium rhoncus lobortis. Curabitur pur<\/p>\n\t\t\t<div class=\"evc-bli-post-info evc-bli-post-info-bottom\">\n\t\t\t\t\t<div class=\"evc-bli-author\">\n\t\t<a class=\"evc-bli-author-link\" href=\"https:\/\/www.tvirtual.net\/portal\/panama\/author\/alexis\/\">\n\t\t\t<span class=\"evc-bli-author-label\">by<\/span>\n\t\t\t<span class=\"evc-bli-author-name\">alexis<\/span>\n\t\t<\/a>\n\t<\/div>\n\t\t\t<\/div>\n\t\t<\/div>\n\t<\/div>\n<\/div><div class=\"evc-bl-item evc-element-item\">\n\t<div class=\"evc-bli-inner\">\n\t\t\t<div class=\"evc-bli-image evc-ib-zoom\">\n\t\t<a href=\"https:\/\/www.tvirtual.net\/portal\/panama\/2020\/03\/23\/envia-tus-pagos-de-manera-automatica\/\"><img loading=\"lazy\" decoding=\"async\" width=\"1366\" height=\"768\" src=\"https:\/\/www.tvirtual.net\/portal\/panama\/wp-content\/uploads\/sites\/3\/2020\/03\/Pagos-Automaticos.jpg\" class=\"attachment-full size-full wp-post-image\" alt=\"\" srcset=\"https:\/\/www.tvirtual.net\/portal\/panama\/wp-content\/uploads\/sites\/3\/2020\/03\/Pagos-Automaticos.jpg 1366w, https:\/\/www.tvirtual.net\/portal\/panama\/wp-content\/uploads\/sites\/3\/2020\/03\/Pagos-Automaticos-300x169.jpg 300w, https:\/\/www.tvirtual.net\/portal\/panama\/wp-content\/uploads\/sites\/3\/2020\/03\/Pagos-Automaticos-1024x576.jpg 1024w, https:\/\/www.tvirtual.net\/portal\/panama\/wp-content\/uploads\/sites\/3\/2020\/03\/Pagos-Automaticos-768x432.jpg 768w\" sizes=\"auto, (max-width: 1366px) 100vw, 1366px\" \/><\/a>\n\t<\/div>\n\t\t<div class=\"evc-bli-content\">\n\t\t\t<div class=\"evc-bli-post-info evc-bli-post-info-top\">\n\t\t\t\t\t<div class=\"evc-bli-category\"><a href=\"https:\/\/www.tvirtual.net\/portal\/panama\/category\/actualizacion\/\" rel=\"category tag\">Actualizaciones<\/a><\/div>\n\t\t\t\t\t<div class=\"evc-bli-date entry-date published updated\">\n\t\t<a href=\"https:\/\/www.tvirtual.net\/portal\/panama\/03\/2020\/\">23 marzo 2020<\/a>\n\t<\/div>\n\t\t\t<\/div>\n\t\t\t<h4 class=\"evc-bli-title entry-title\"><a href=\"https:\/\/www.tvirtual.net\/portal\/panama\/2020\/03\/23\/envia-tus-pagos-de-manera-automatica\/\">Env\u00eda Tus Pagos de Manera Autom\u00e1tica<\/a><\/h4>\t\t\t\t<p class=\"evc-bli-excerpt\">Ahora con Tvirtual puedes enviar a tus proveedores de manera autom\u00e1tica informaci\u00f3n de sus pagos v<\/p>\n\t\t\t<div class=\"evc-bli-post-info evc-bli-post-info-bottom\">\n\t\t\t\t\t<div class=\"evc-bli-author\">\n\t\t<a class=\"evc-bli-author-link\" href=\"https:\/\/www.tvirtual.net\/portal\/panama\/author\/tvirtualwp\/\">\n\t\t\t<span class=\"evc-bli-author-label\">by<\/span>\n\t\t\t<span class=\"evc-bli-author-name\">Webmaster Tvirtual<\/span>\n\t\t<\/a>\n\t<\/div>\n\t\t\t<\/div>\n\t\t<\/div>\n\t<\/div>\n<\/div>\t<\/div>\n\t<\/div>[\/vc_column][\/vc_row]<\/p>\n","protected":false},"excerpt":{"rendered":"<p>[vc_row el_id=\u00bbaplicaciones-home\u00bb][vc_column][vc_row_inner][vc_column_inner width=\u00bb1\/2&#8243;][cmo_dropcap] Tvirtual es una aplicaci\u00f3n desarrollada por profesionales en la administraci\u00f3n de empresas, en tecnolog\u00eda y contadores experimentados, para brindar a las empresas una soluci\u00f3n f\u00e1cil de implementar, en idioma espa\u00f1ol y concebido 100% en la nube, lo que permite su acceso desde cualquier lugar o dispositivo. Es muy f\u00e1cil de usar\u00a0y al<\/p>\n<div class=\"excerpt-more-wrapper\"><a class=\"cmo-button\" href=\"https:\/\/www.tvirtual.net\/portal\/panama\/2020\/03\/23\/envia-tus-pagos-de-manera-automatica\/\">Read More<\/a><\/div>\n","protected":false},"author":1,"featured_media":0,"parent":0,"menu_order":0,"comment_status":"closed","ping_status":"closed","template":"","meta":{"footnotes":""},"class_list":["post-8","page","type-page","status-publish","hentry"],"yoast_head":"<!-- This site is optimized with the Yoast SEO plugin v22.8 - https:\/\/yoast.com\/wordpress\/plugins\/seo\/ -->\n<title>Inicio - Tvirtual Panam\u00e1<\/title>\n<meta name=\"robots\" content=\"index, follow, max-snippet:-1, max-image-preview:large, max-video-preview:-1\" \/>\n<link rel=\"canonical\" href=\"https:\/\/www.tvirtual.net\/portal\/panama\/\" \/>\n<meta property=\"og:locale\" content=\"es_ES\" \/>\n<meta property=\"og:type\" content=\"article\" \/>\n<meta property=\"og:title\" content=\"Inicio - Tvirtual Panam\u00e1\" \/>\n<meta property=\"og:description\" content=\"[vc_row el_id=\u00bbaplicaciones-home\u00bb][vc_column][vc_row_inner][vc_column_inner width=\u00bb1\/2&#8243;][cmo_dropcap] Tvirtual es una aplicaci\u00f3n desarrollada por profesionales en la administraci\u00f3n de empresas, en tecnolog\u00eda y contadores experimentados, para brindar a las empresas una soluci\u00f3n f\u00e1cil de implementar, en idioma espa\u00f1ol y concebido 100% en la nube, lo que permite su acceso desde cualquier lugar o dispositivo. Es muy f\u00e1cil de usar\u00a0y alRead More\" \/>\n<meta property=\"og:url\" content=\"https:\/\/www.tvirtual.net\/portal\/panama\/\" \/>\n<meta property=\"og:site_name\" content=\"Tvirtual Panam\u00e1\" \/>\n<meta property=\"article:modified_time\" content=\"2020-03-05T14:27:29+00:00\" \/>\n<meta name=\"twitter:card\" content=\"summary_large_image\" \/>\n<meta name=\"twitter:label1\" content=\"Tiempo de lectura\" \/>\n\t<meta name=\"twitter:data1\" content=\"7 minutos\" \/>\n<script type=\"application\/ld+json\" class=\"yoast-schema-graph\">{\"@context\":\"https:\/\/schema.org\",\"@graph\":[{\"@type\":\"WebPage\",\"@id\":\"https:\/\/www.tvirtual.net\/portal\/panama\/\",\"url\":\"https:\/\/www.tvirtual.net\/portal\/panama\/\",\"name\":\"Inicio - Tvirtual Panam\u00e1\",\"isPartOf\":{\"@id\":\"https:\/\/www.tvirtual.net\/portal\/panama\/#website\"},\"datePublished\":\"2019-12-17T03:39:56+00:00\",\"dateModified\":\"2020-03-05T14:27:29+00:00\",\"breadcrumb\":{\"@id\":\"https:\/\/www.tvirtual.net\/portal\/panama\/#breadcrumb\"},\"inLanguage\":\"es\",\"potentialAction\":[{\"@type\":\"ReadAction\",\"target\":[\"https:\/\/www.tvirtual.net\/portal\/panama\/\"]}]},{\"@type\":\"BreadcrumbList\",\"@id\":\"https:\/\/www.tvirtual.net\/portal\/panama\/#breadcrumb\",\"itemListElement\":[{\"@type\":\"ListItem\",\"position\":1,\"name\":\"Portada\",\"item\":\"https:\/\/www.tvirtual.net\/portal\/panama\/\"},{\"@type\":\"ListItem\",\"position\":2,\"name\":\"Inicio\"}]},{\"@type\":\"WebSite\",\"@id\":\"https:\/\/www.tvirtual.net\/portal\/panama\/#website\",\"url\":\"https:\/\/www.tvirtual.net\/portal\/panama\/\",\"name\":\"Tvirtual Panam\u00e1\",\"description\":\"Soluci\u00f3n Administrativa Virtual\",\"potentialAction\":[{\"@type\":\"SearchAction\",\"target\":{\"@type\":\"EntryPoint\",\"urlTemplate\":\"https:\/\/www.tvirtual.net\/portal\/panama\/?s={search_term_string}\"},\"query-input\":\"required name=search_term_string\"}],\"inLanguage\":\"es\"}]}<\/script>\n<!-- \/ Yoast SEO plugin. -->","yoast_head_json":{"title":"Inicio - Tvirtual Panam\u00e1","robots":{"index":"index","follow":"follow","max-snippet":"max-snippet:-1","max-image-preview":"max-image-preview:large","max-video-preview":"max-video-preview:-1"},"canonical":"https:\/\/www.tvirtual.net\/portal\/panama\/","og_locale":"es_ES","og_type":"article","og_title":"Inicio - Tvirtual Panam\u00e1","og_description":"[vc_row el_id=\u00bbaplicaciones-home\u00bb][vc_column][vc_row_inner][vc_column_inner width=\u00bb1\/2&#8243;][cmo_dropcap] Tvirtual es una aplicaci\u00f3n desarrollada por profesionales en la administraci\u00f3n de empresas, en tecnolog\u00eda y contadores experimentados, para brindar a las empresas una soluci\u00f3n f\u00e1cil de implementar, en idioma espa\u00f1ol y concebido 100% en la nube, lo que permite su acceso desde cualquier lugar o dispositivo. Es muy f\u00e1cil de usar\u00a0y alRead More","og_url":"https:\/\/www.tvirtual.net\/portal\/panama\/","og_site_name":"Tvirtual Panam\u00e1","article_modified_time":"2020-03-05T14:27:29+00:00","twitter_card":"summary_large_image","twitter_misc":{"Tiempo de lectura":"7 minutos"},"schema":{"@context":"https:\/\/schema.org","@graph":[{"@type":"WebPage","@id":"https:\/\/www.tvirtual.net\/portal\/panama\/","url":"https:\/\/www.tvirtual.net\/portal\/panama\/","name":"Inicio - Tvirtual Panam\u00e1","isPartOf":{"@id":"https:\/\/www.tvirtual.net\/portal\/panama\/#website"},"datePublished":"2019-12-17T03:39:56+00:00","dateModified":"2020-03-05T14:27:29+00:00","breadcrumb":{"@id":"https:\/\/www.tvirtual.net\/portal\/panama\/#breadcrumb"},"inLanguage":"es","potentialAction":[{"@type":"ReadAction","target":["https:\/\/www.tvirtual.net\/portal\/panama\/"]}]},{"@type":"BreadcrumbList","@id":"https:\/\/www.tvirtual.net\/portal\/panama\/#breadcrumb","itemListElement":[{"@type":"ListItem","position":1,"name":"Portada","item":"https:\/\/www.tvirtual.net\/portal\/panama\/"},{"@type":"ListItem","position":2,"name":"Inicio"}]},{"@type":"WebSite","@id":"https:\/\/www.tvirtual.net\/portal\/panama\/#website","url":"https:\/\/www.tvirtual.net\/portal\/panama\/","name":"Tvirtual Panam\u00e1","description":"Soluci\u00f3n Administrativa Virtual","potentialAction":[{"@type":"SearchAction","target":{"@type":"EntryPoint","urlTemplate":"https:\/\/www.tvirtual.net\/portal\/panama\/?s={search_term_string}"},"query-input":"required name=search_term_string"}],"inLanguage":"es"}]}},"jetpack_sharing_enabled":true,"_links":{"self":[{"href":"https:\/\/www.tvirtual.net\/portal\/panama\/wp-json\/wp\/v2\/pages\/8","targetHints":{"allow":["GET"]}}],"collection":[{"href":"https:\/\/www.tvirtual.net\/portal\/panama\/wp-json\/wp\/v2\/pages"}],"about":[{"href":"https:\/\/www.tvirtual.net\/portal\/panama\/wp-json\/wp\/v2\/types\/page"}],"author":[{"embeddable":true,"href":"https:\/\/www.tvirtual.net\/portal\/panama\/wp-json\/wp\/v2\/users\/1"}],"replies":[{"embeddable":true,"href":"https:\/\/www.tvirtual.net\/portal\/panama\/wp-json\/wp\/v2\/comments?post=8"}],"version-history":[{"count":40,"href":"https:\/\/www.tvirtual.net\/portal\/panama\/wp-json\/wp\/v2\/pages\/8\/revisions"}],"predecessor-version":[{"id":255,"href":"https:\/\/www.tvirtual.net\/portal\/panama\/wp-json\/wp\/v2\/pages\/8\/revisions\/255"}],"wp:attachment":[{"href":"https:\/\/www.tvirtual.net\/portal\/panama\/wp-json\/wp\/v2\/media?parent=8"}],"curies":[{"name":"wp","href":"https:\/\/api.w.org\/{rel}","templated":true}]}}