{"id":6910,"date":"2016-10-02T22:44:01","date_gmt":"2016-10-02T22:44:01","guid":{"rendered":"http:\/\/www.tvirtual.net\/portal\/?page_id=6910"},"modified":"2020-02-02T12:20:28","modified_gmt":"2020-02-02T16:20:28","slug":"contacto","status":"publish","type":"page","link":"https:\/\/www.tvirtual.net\/portal\/contacto\/","title":{"rendered":"Contacto"},"content":{"rendered":"<p>[vc_row][vc_column width=\u00bb1\/2&#8243;][cmo_section_header heading=\u00bbComun\u00edcate con nosotros\u00bb header_text=\u00bbSolo debes llenar el formulario a continuaci\u00f3n y nos pondremos en contacto contigo lo antes posible\u00bb text_alignment=\u00bbtext-left\u00bb][vc_separator]\n<div class=\"wpcf7 no-js\" id=\"wpcf7-f2506-o1\" lang=\"en-US\" dir=\"ltr\">\n<div class=\"screen-reader-response\"><p role=\"status\" aria-live=\"polite\" aria-atomic=\"true\"><\/p> <ul><\/ul><\/div>\n<form action=\"\/portal\/wp-json\/wp\/v2\/pages\/6910#wpcf7-f2506-o1\" method=\"post\" class=\"wpcf7-form init\" aria-label=\"Contact form\" novalidate=\"novalidate\" data-status=\"init\">\n<div style=\"display: none;\">\n<input type=\"hidden\" name=\"_wpcf7\" value=\"2506\" \/>\n<input type=\"hidden\" name=\"_wpcf7_version\" value=\"5.9.6\" \/>\n<input type=\"hidden\" name=\"_wpcf7_locale\" value=\"en_US\" \/>\n<input type=\"hidden\" name=\"_wpcf7_unit_tag\" value=\"wpcf7-f2506-o1\" \/>\n<input type=\"hidden\" name=\"_wpcf7_container_post\" value=\"0\" \/>\n<input type=\"hidden\" name=\"_wpcf7_posted_data_hash\" value=\"\" \/>\n<input type=\"hidden\" name=\"_wpcf7_recaptcha_response\" value=\"\" \/>\n<\/div>\n<div class=\"row\">\n\t<div class=\"col-md-12\">\n\t\t<p><span class=\"wpcf7-form-control-wrap\" data-name=\"your-name\"><input size=\"40\" maxlength=\"80\" class=\"wpcf7-form-control wpcf7-text wpcf7-validates-as-required\" aria-required=\"true\" aria-invalid=\"false\" placeholder=\"Nombre Completo\" value=\"\" type=\"text\" name=\"your-name\" \/><\/span>\n\t\t<\/p>\n\t<\/div>\n<\/div>\n<div class=\"row\">\n\t<div class=\"col-md-6\">\n\t\t<p><span class=\"wpcf7-form-control-wrap\" data-name=\"your-email\"><input size=\"40\" maxlength=\"80\" class=\"wpcf7-form-control wpcf7-email wpcf7-validates-as-required wpcf7-text wpcf7-validates-as-email\" aria-required=\"true\" aria-invalid=\"false\" placeholder=\"Correo Electr\u00f3nico\" value=\"\" type=\"email\" name=\"your-email\" \/><\/span>\n\t\t<\/p>\n\t<\/div>\n\t<div class=\"col-md-6\">\n\t\t<p><span class=\"wpcf7-form-control-wrap\" data-name=\"your-phone\"><input size=\"40\" maxlength=\"80\" class=\"wpcf7-form-control wpcf7-tel wpcf7-text wpcf7-validates-as-tel\" aria-invalid=\"false\" placeholder=\"N\u00famero Telef\u00f3nico\" value=\"\" type=\"tel\" name=\"your-phone\" \/><\/span>\n\t\t<\/p>\n\t<\/div>\n<\/div>\n<div class=\"row\">\n\t<div class=\"col-md-12\">\n\t\t<p><span class=\"wpcf7-form-control-wrap\" data-name=\"your-message\"><textarea cols=\"40\" rows=\"10\" maxlength=\"400\" class=\"wpcf7-form-control wpcf7-textarea wpcf7-validates-as-required\" aria-required=\"true\" aria-invalid=\"false\" placeholder=\"Escribe un mensaje\" name=\"your-message\"><\/textarea><\/span>\n\t\t<\/p>\n\t<\/div>\n<\/div>\n<p><input class=\"wpcf7-form-control wpcf7-submit has-spinner\" type=\"submit\" value=\"Enviar\" \/>\n<\/p><p style=\"display: none !important;\" class=\"akismet-fields-container\" data-prefix=\"_wpcf7_ak_\"><label>&#916;<textarea name=\"_wpcf7_ak_hp_textarea\" cols=\"45\" rows=\"8\" maxlength=\"100\"><\/textarea><\/label><input type=\"hidden\" id=\"ak_js_1\" name=\"_wpcf7_ak_js\" value=\"34\"\/><script>document.getElementById( \"ak_js_1\" ).setAttribute( \"value\", ( new Date() ).getTime() );<\/script><\/p><div class=\"wpcf7-response-output\" aria-hidden=\"true\"><\/div>\n<\/form>\n<\/div>\n[\/vc_column][vc_column width=\u00bb1\/2&#8243;][cmo_content_box title=\u00bbTambi\u00e9n puedes contactarnos escribiendo a estos correos\u00bb text_alignment=\u00bbtext-center\u00bb icon_type=\u00bbfa\u00bb icon_fa=\u00bbfa fa-building-o\u00bb icon_style=\u00bbicon-block\u00bb icon_size=\u00bbicon-x-large\u00bb]Correo electr\u00f3nico: ventas@tvirtual.net | soporte@tvirtual.net<\/p>\n<p>Tel\u00e9fonos: +58 243 215 1286 | 247 8818<\/p>\n<p>Direcci\u00f3n: Maracay, Venezuela[\/cmo_content_box][\/vc_column][\/vc_row]<\/p>\n","protected":false},"excerpt":{"rendered":"<p>[vc_row][vc_column width=\u00bb1\/2&#8243;][cmo_section_header heading=\u00bbComun\u00edcate con nosotros\u00bb header_text=\u00bbSolo debes llenar el formulario a continuaci\u00f3n y nos pondremos en contacto contigo lo antes posible\u00bb text_alignment=\u00bbtext-left\u00bb][vc_separator][\/vc_column][vc_column width=\u00bb1\/2&#8243;][cmo_content_box title=\u00bbTambi\u00e9n puedes contactarnos escribiendo a estos correos\u00bb text_alignment=\u00bbtext-center\u00bb icon_type=\u00bbfa\u00bb icon_fa=\u00bbfa fa-building-o\u00bb icon_style=\u00bbicon-block\u00bb icon_size=\u00bbicon-x-large\u00bb]Correo electr\u00f3nico: ventas@tvirtual.net | soporte@tvirtual.net Tel\u00e9fonos: +58 243 215 1286 | 247 8818 Direcci\u00f3n: Maracay, Venezuela[\/cmo_content_box][\/vc_column][\/vc_row]<\/p>\n","protected":false},"author":1,"featured_media":0,"parent":0,"menu_order":0,"comment_status":"closed","ping_status":"closed","template":"","meta":{"jetpack_post_was_ever_published":false,"footnotes":""},"class_list":["post-6910","page","type-page","status-publish","hentry"],"yoast_head":"<!-- This site is optimized with the Yoast SEO plugin v22.8 - https:\/\/yoast.com\/wordpress\/plugins\/seo\/ -->\n<title>Contacto - Tvirtual Global<\/title>\n<meta name=\"robots\" content=\"index, follow, max-snippet:-1, max-image-preview:large, max-video-preview:-1\" \/>\n<link rel=\"canonical\" href=\"https:\/\/www.tvirtual.net\/portal\/contacto\/\" \/>\n<meta property=\"og:locale\" content=\"es_ES\" \/>\n<meta property=\"og:type\" content=\"article\" \/>\n<meta property=\"og:title\" content=\"Contacto - Tvirtual Global\" \/>\n<meta property=\"og:description\" content=\"[vc_row][vc_column width=\u00bb1\/2&#8243;][cmo_section_header heading=\u00bbComun\u00edcate con nosotros\u00bb header_text=\u00bbSolo debes llenar el formulario a continuaci\u00f3n y nos pondremos en contacto contigo lo antes posible\u00bb text_alignment=\u00bbtext-left\u00bb][vc_separator][\/vc_column][vc_column width=\u00bb1\/2&#8243;][cmo_content_box title=\u00bbTambi\u00e9n puedes contactarnos escribiendo a estos correos\u00bb text_alignment=\u00bbtext-center\u00bb icon_type=\u00bbfa\u00bb icon_fa=\u00bbfa fa-building-o\u00bb icon_style=\u00bbicon-block\u00bb icon_size=\u00bbicon-x-large\u00bb]Correo electr\u00f3nico: ventas@tvirtual.net | soporte@tvirtual.net Tel\u00e9fonos: +58 243 215 1286 | 247 8818 Direcci\u00f3n: Maracay, Venezuela[\/cmo_content_box][\/vc_column][\/vc_row]\" \/>\n<meta property=\"og:url\" content=\"https:\/\/www.tvirtual.net\/portal\/contacto\/\" \/>\n<meta property=\"og:site_name\" content=\"Tvirtual Global\" \/>\n<meta property=\"article:modified_time\" content=\"2020-02-02T16:20:28+00:00\" \/>\n<meta name=\"twitter:card\" content=\"summary_large_image\" \/>\n<script type=\"application\/ld+json\" class=\"yoast-schema-graph\">{\"@context\":\"https:\/\/schema.org\",\"@graph\":[{\"@type\":\"WebPage\",\"@id\":\"https:\/\/www.tvirtual.net\/portal\/contacto\/\",\"url\":\"https:\/\/www.tvirtual.net\/portal\/contacto\/\",\"name\":\"Contacto - Tvirtual Global\",\"isPartOf\":{\"@id\":\"https:\/\/www.tvirtual.net\/portal\/#website\"},\"datePublished\":\"2016-10-02T22:44:01+00:00\",\"dateModified\":\"2020-02-02T16:20:28+00:00\",\"breadcrumb\":{\"@id\":\"https:\/\/www.tvirtual.net\/portal\/contacto\/#breadcrumb\"},\"inLanguage\":\"es\",\"potentialAction\":[{\"@type\":\"ReadAction\",\"target\":[\"https:\/\/www.tvirtual.net\/portal\/contacto\/\"]}]},{\"@type\":\"BreadcrumbList\",\"@id\":\"https:\/\/www.tvirtual.net\/portal\/contacto\/#breadcrumb\",\"itemListElement\":[{\"@type\":\"ListItem\",\"position\":1,\"name\":\"Portada\",\"item\":\"https:\/\/www.tvirtual.net\/portal\/\"},{\"@type\":\"ListItem\",\"position\":2,\"name\":\"Contacto\"}]},{\"@type\":\"WebSite\",\"@id\":\"https:\/\/www.tvirtual.net\/portal\/#website\",\"url\":\"https:\/\/www.tvirtual.net\/portal\/\",\"name\":\"Tvirtual Global\",\"description\":\"Soluci\u00f3n Administrativa Virtual\",\"potentialAction\":[{\"@type\":\"SearchAction\",\"target\":{\"@type\":\"EntryPoint\",\"urlTemplate\":\"https:\/\/www.tvirtual.net\/portal\/?s={search_term_string}\"},\"query-input\":\"required name=search_term_string\"}],\"inLanguage\":\"es\"}]}<\/script>\n<!-- \/ Yoast SEO plugin. -->","yoast_head_json":{"title":"Contacto - Tvirtual Global","robots":{"index":"index","follow":"follow","max-snippet":"max-snippet:-1","max-image-preview":"max-image-preview:large","max-video-preview":"max-video-preview:-1"},"canonical":"https:\/\/www.tvirtual.net\/portal\/contacto\/","og_locale":"es_ES","og_type":"article","og_title":"Contacto - Tvirtual Global","og_description":"[vc_row][vc_column width=\u00bb1\/2&#8243;][cmo_section_header heading=\u00bbComun\u00edcate con nosotros\u00bb header_text=\u00bbSolo debes llenar el formulario a continuaci\u00f3n y nos pondremos en contacto contigo lo antes posible\u00bb text_alignment=\u00bbtext-left\u00bb][vc_separator][\/vc_column][vc_column width=\u00bb1\/2&#8243;][cmo_content_box title=\u00bbTambi\u00e9n puedes contactarnos escribiendo a estos correos\u00bb text_alignment=\u00bbtext-center\u00bb icon_type=\u00bbfa\u00bb icon_fa=\u00bbfa fa-building-o\u00bb icon_style=\u00bbicon-block\u00bb icon_size=\u00bbicon-x-large\u00bb]Correo electr\u00f3nico: ventas@tvirtual.net | soporte@tvirtual.net Tel\u00e9fonos: +58 243 215 1286 | 247 8818 Direcci\u00f3n: Maracay, Venezuela[\/cmo_content_box][\/vc_column][\/vc_row]","og_url":"https:\/\/www.tvirtual.net\/portal\/contacto\/","og_site_name":"Tvirtual Global","article_modified_time":"2020-02-02T16:20:28+00:00","twitter_card":"summary_large_image","schema":{"@context":"https:\/\/schema.org","@graph":[{"@type":"WebPage","@id":"https:\/\/www.tvirtual.net\/portal\/contacto\/","url":"https:\/\/www.tvirtual.net\/portal\/contacto\/","name":"Contacto - Tvirtual Global","isPartOf":{"@id":"https:\/\/www.tvirtual.net\/portal\/#website"},"datePublished":"2016-10-02T22:44:01+00:00","dateModified":"2020-02-02T16:20:28+00:00","breadcrumb":{"@id":"https:\/\/www.tvirtual.net\/portal\/contacto\/#breadcrumb"},"inLanguage":"es","potentialAction":[{"@type":"ReadAction","target":["https:\/\/www.tvirtual.net\/portal\/contacto\/"]}]},{"@type":"BreadcrumbList","@id":"https:\/\/www.tvirtual.net\/portal\/contacto\/#breadcrumb","itemListElement":[{"@type":"ListItem","position":1,"name":"Portada","item":"https:\/\/www.tvirtual.net\/portal\/"},{"@type":"ListItem","position":2,"name":"Contacto"}]},{"@type":"WebSite","@id":"https:\/\/www.tvirtual.net\/portal\/#website","url":"https:\/\/www.tvirtual.net\/portal\/","name":"Tvirtual Global","description":"Soluci\u00f3n Administrativa Virtual","potentialAction":[{"@type":"SearchAction","target":{"@type":"EntryPoint","urlTemplate":"https:\/\/www.tvirtual.net\/portal\/?s={search_term_string}"},"query-input":"required name=search_term_string"}],"inLanguage":"es"}]}},"jetpack_sharing_enabled":true,"jetpack_shortlink":"https:\/\/wp.me\/P7XSTv-1Ns","jetpack_likes_enabled":true,"_links":{"self":[{"href":"https:\/\/www.tvirtual.net\/portal\/wp-json\/wp\/v2\/pages\/6910","targetHints":{"allow":["GET"]}}],"collection":[{"href":"https:\/\/www.tvirtual.net\/portal\/wp-json\/wp\/v2\/pages"}],"about":[{"href":"https:\/\/www.tvirtual.net\/portal\/wp-json\/wp\/v2\/types\/page"}],"author":[{"embeddable":true,"href":"https:\/\/www.tvirtual.net\/portal\/wp-json\/wp\/v2\/users\/1"}],"replies":[{"embeddable":true,"href":"https:\/\/www.tvirtual.net\/portal\/wp-json\/wp\/v2\/comments?post=6910"}],"version-history":[{"count":13,"href":"https:\/\/www.tvirtual.net\/portal\/wp-json\/wp\/v2\/pages\/6910\/revisions"}],"predecessor-version":[{"id":7526,"href":"https:\/\/www.tvirtual.net\/portal\/wp-json\/wp\/v2\/pages\/6910\/revisions\/7526"}],"wp:attachment":[{"href":"https:\/\/www.tvirtual.net\/portal\/wp-json\/wp\/v2\/media?parent=6910"}],"curies":[{"name":"wp","href":"https:\/\/api.w.org\/{rel}","templated":true}]}}